{"id":44482,"date":"2024-11-19T13:22:41","date_gmt":"2024-11-19T13:22:41","guid":{"rendered":"https:\/\/smart-academy.fr\/?page_id=44482"},"modified":"2025-03-27T18:31:47","modified_gmt":"2025-03-27T18:31:47","slug":"reglement-interieur","status":"publish","type":"page","link":"https:\/\/smart-academy.fr\/ar\/reglement-interieur\/","title":{"rendered":"r\u00e8glement interieur"},"content":{"rendered":"<div data-elementor-type=\"wp-page\" data-elementor-id=\"44482\" class=\"elementor elementor-44482\">\n\t\t\t\t\t\t<section class=\"elementor-section elementor-top-section elementor-element elementor-element-05bb45f elementor-section-boxed elementor-section-height-default elementor-section-height-default\" data-id=\"05bb45f\" data-element_type=\"section\" data-e-type=\"section\">\n\t\t\t\t\t\t<div class=\"elementor-container elementor-column-gap-default\">\n\t\t\t\t\t<div class=\"elementor-column elementor-col-100 elementor-top-column elementor-element elementor-element-eb66060\" data-id=\"eb66060\" data-element_type=\"column\" data-e-type=\"column\">\n\t\t\t<div class=\"elementor-widget-wrap elementor-element-populated\">\n\t\t\t\t\t\t<div class=\"elementor-element elementor-element-bda103c elementor-widget elementor-widget-heading\" data-id=\"bda103c\" data-element_type=\"widget\" data-e-type=\"widget\" data-widget_type=\"heading.default\">\n\t\t\t\t<div class=\"elementor-widget-container\">\n\t\t\t\t\t<h2 class=\"elementor-heading-title elementor-size-default\">R\u00e8glement int\u00e9rieur<\/h2>\t\t\t\t<\/div>\n\t\t\t\t<\/div>\n\t\t\t\t\t<\/div>\n\t\t<\/div>\n\t\t\t\t\t<\/div>\n\t\t<\/section>\n\t\t\t\t<section class=\"elementor-section elementor-top-section elementor-element elementor-element-119e857 elementor-section-boxed elementor-section-height-default elementor-section-height-default\" data-id=\"119e857\" data-element_type=\"section\" data-e-type=\"section\">\n\t\t\t\t\t\t<div class=\"elementor-container elementor-column-gap-default\">\n\t\t\t\t\t<div class=\"elementor-column elementor-col-100 elementor-top-column elementor-element elementor-element-e2b608e\" data-id=\"e2b608e\" data-element_type=\"column\" data-e-type=\"column\">\n\t\t\t<div class=\"elementor-widget-wrap elementor-element-populated\">\n\t\t\t\t\t\t<section class=\"elementor-section elementor-inner-section elementor-element elementor-element-60c4492 elementor-section-boxed elementor-section-height-default elementor-section-height-default\" data-id=\"60c4492\" data-element_type=\"section\" data-e-type=\"section\">\n\t\t\t\t\t\t<div class=\"elementor-container elementor-column-gap-default\">\n\t\t\t\t\t<div class=\"elementor-column elementor-col-100 elementor-inner-column elementor-element elementor-element-6a68d2c\" data-id=\"6a68d2c\" data-element_type=\"column\" data-e-type=\"column\">\n\t\t\t<div class=\"elementor-widget-wrap elementor-element-populated\">\n\t\t\t\t\t\t<div class=\"elementor-element elementor-element-2b003fa elementor-widget elementor-widget-text-editor\" data-id=\"2b003fa\" data-element_type=\"widget\" data-e-type=\"widget\" data-widget_type=\"text-editor.default\">\n\t\t\t\t<div class=\"elementor-widget-container\">\n\t\t\t\t\t\t\t\t\t<p><b>L<\/b>e pr\u00e9sent r\u00e8glement s\u2019applique \u00e0 toutes les personnes participantes \u00e0 une action de formation organis\u00e9e par <span style=\"color: #ff9900;\">Smart Academy.<\/span> Un exemplaire est remis \u00e0 chaque stagiaire. Il d\u00e9finit les r\u00e8gles d\u2019hygi\u00e8ne et de s\u00e9curit\u00e9, les r\u00e8gles g\u00e9n\u00e9rales et permanentes relatives \u00e0 la discipline ainsi que la nature et l\u2019\u00e9chelle des sanctions pouvant \u00eatre prises vis\u00e0 is des stagiaires qui y contreviennent. <b><span style=\"color: #3366ff;\">ARTICLE 1 L\u00c9GISLATION <\/span>: <\/b>le pr\u00e9sent r\u00e8glement est \u00e9tabli conform\u00e9ment aux dispositions des articles L.63523 et L.63524 et R.63521 \u00e0 R.635215 du Code du travail. Il s\u2019applique \u00e0 tous les stagiaires, et ce pour la dur\u00e9e de la formation suivie. <b><span style=\"color: #3366ff;\">ARTICLE 2 : ASSIDUIT\u00c9 ET COMPORTEMENT<\/span> : <\/b>les stagiaires doivent se conformer aux horaires fix\u00e9s et communiqu\u00e9s au pr\u00e9alable par le formateur. En cas d\u2019absence, de retard ou de d\u00e9part avant l\u2019horaire pr\u00e9vu, les stagiaires doivent avertir le formateur et s\u2019en justifier. Tout \u00e9v\u00e9nement non justifi\u00e9 par des circonstances particuli\u00e8res constitue une faute passible de sanctions disciplinaires. Le stagiaire est tenu de signer la feuille d\u2019\u00e9margement matin et apr\u00e8s idi, en fonction du planning \u00e9tabli, pour justifier de son \u00e9tat de pr\u00e9sence, au fur et \u00e0 mesure du d\u00e9roulement de l\u2019action. En cas de maladie ou d\u2019accident, le stagiaire s\u2019engage \u00e0 pr\u00e9venir au plus t\u00f4t le formateur et \u00e0 lui faire parvenir dans les 48 heures le justificatif. Toute absence doit \u00eatre r\u00e9cup\u00e9r\u00e9e par le stagiaire et sera factur\u00e9e pour qu\u2019il soit admissible au dipl\u00f4me. A l\u2019issue de l\u2019action de formation, il se voit remettre une attestation de pr\u00e9sence au stage et une attestation d\u2019acquis de comp\u00e9tences justifiant sa formation. Le stagiaire est invit\u00e9 \u00e0 se pr\u00e9senter en tenue vestimentaire correcte. Il est demand\u00e9 \u00e0 tout stagiaire d\u2019avoir un comportement garantissant le respect des r\u00e8gles \u00e9l\u00e9mentaires de savoir vivre, de savoir \u00eatre en collectivit\u00e9 et le bon d\u00e9roulement des formations. L\u2019usage du mat\u00e9riel de formation est exclusivement r\u00e9serv\u00e9 \u00e0 l\u2019activit\u00e9 de formation. Le stagiaire est tenu de conserver en bon \u00e9tat le mat\u00e9riel qui lui est confi\u00e9 pour la formation. Il doit en faire un usage conforme \u00e0 son objet et selon les r\u00e8gles d\u00e9livr\u00e9es par le formateur. Le stagiaire signale imm\u00e9diatement au formateur toute anomalie constat\u00e9e. Agencys (Cachet, nom et qualit\u00e9 du signataire)<\/p>\t\t\t\t\t\t\t\t<\/div>\n\t\t\t\t<\/div>\n\t\t\t\t\t<\/div>\n\t\t<\/div>\n\t\t\t\t\t<\/div>\n\t\t<\/section>\n\t\t\t\t\t<\/div>\n\t\t<\/div>\n\t\t\t\t\t<\/div>\n\t\t<\/section>\n\t\t\t\t<section class=\"elementor-section elementor-top-section elementor-element elementor-element-69a7297 elementor-section-boxed elementor-section-height-default elementor-section-height-default\" data-id=\"69a7297\" data-element_type=\"section\" data-e-type=\"section\">\n\t\t\t\t\t\t<div class=\"elementor-container elementor-column-gap-default\">\n\t\t\t\t\t<div class=\"elementor-column elementor-col-100 elementor-top-column elementor-element elementor-element-bb47320\" data-id=\"bb47320\" data-element_type=\"column\" data-e-type=\"column\">\n\t\t\t<div class=\"elementor-widget-wrap elementor-element-populated\">\n\t\t\t\t\t\t<div class=\"elementor-element elementor-element-d26ff6e elementor-widget elementor-widget-text-editor\" data-id=\"d26ff6e\" data-element_type=\"widget\" data-e-type=\"widget\" data-widget_type=\"text-editor.default\">\n\t\t\t\t<div class=\"elementor-widget-container\">\n\t\t\t\t\t\t\t\t\t<p><span style=\"color: #3366ff;\"><b>ARTICLE 3 MESURES D\u2019HYGI\u00c8NE ET DE S\u00c9CURIT\u00c9 : <\/b><\/span>la pr\u00e9vention des risques d\u2019accidents et de maladies est imp\u00e9rative et exige de chacun le respect total de toutes les prescriptions applicables en mati\u00e8re d\u2019hygi\u00e8ne et de s\u00e9curit\u00e9. Chaque stagiaire doit ainsi veiller \u00e0 sa s\u00e9curit\u00e9 personnelle et \u00e0 celle des autres en respectant les consignes g\u00e9n\u00e9rales et particuli\u00e8res de s\u00e9curit\u00e9 en vigueur dans les lieux de la formation. Les consignes d\u2019incendie avec un plan de localisation des extincteurs et des issues de secours sont affich\u00e9es dans les locaux. Le stagiaire doit en prendre connaissance. <b><span style=\"color: #3366ff;\">ARTICLE 4 R\u00c8GLES DISCIPLINAIRES<\/span> : <\/b>il est formellement interdit de fumer dans les salles de formation et plus g\u00e9n\u00e9ralement dans l\u2019enceinte du lieu de formation. Les stagiaires doivent \u00e9teindre leurs t\u00e9l\u00e9phones portables durant le temps de formation. Le formateur est attentif en mati\u00e8re de pr\u00e9vention des discriminations, d\u2019\u00e9galit\u00e9 des chances et de promotion de la diversit\u00e9 dans le cadre de la gestion des ressources humaines. Aussi, toute attitude discriminatoire n\u2019est pas tol\u00e9r\u00e9e au sein de ses locaux. <b><span style=\"color: #3366ff;\">ARTICLE 5 SANCTIONS<\/span> : <\/b>tout manquement du stagiaire \u00e0 l\u2019une des prescriptions du pr\u00e9sent r\u00e8glement int\u00e9rieur pourra, en fonction de sa nature et de sa gravit\u00e9, faire l\u2019objet d\u2019une convocation \u00e0 un entretien avec le r\u00e9f\u00e9rent. Aucune sanction ne peut \u00eatre inflig\u00e9e au stagiaire sans que celuici ne soit inform\u00e9 par \u00e9crit des griefs retenus contre lui. Lorsqu\u2019une prise de sanction est envisag\u00e9e, le stagiaire est convoqu\u00e9 par lettre recommand\u00e9e avec accus\u00e9 de r\u00e9ception ou remise \u00e0 l\u2019int\u00e9ress\u00e9 contre d\u00e9charge en indiquant l\u2019objet de la convocation, date, heure et lieu de l\u2019entretien. Au cours de l\u2019entretien, le stagiaire a la possibilit\u00e9 de se faire assister par une personne de son choix, stagiaire ou salari\u00e9 de l\u2019organisme de formation. La convocation mentionn\u00e9e \u00e0 l\u2019article pr\u00e9c\u00e9dent fait \u00e9tat de cette facult\u00e9. Lors de l\u2019entretien, le motif de la sanction envisag\u00e9e est indiqu\u00e9 au stagiaire : celuici a alors la possibilit\u00e9 de donner toute explication ou justification des faits qui lui sont reproch\u00e9s. La sanction ne peut intervenir moins d\u2019un jour franc ni plus de 15 jours apr\u00e8s l\u2019entretien. Elle fait l\u2019objet d\u2019une notification \u00e9crite et motiv\u00e9e au stagiaire sous forme lettre recommand\u00e9e, ou d\u2019une lettre remise contre d\u00e9charge. Le formateur informe concomitamment l\u2019employeur ou \u00e9ventuellement l\u2019organisme paritaire prenant \u00e0 sa charge les frais de formation, de la sanction prise.<\/p>\t\t\t\t\t\t\t\t<\/div>\n\t\t\t\t<\/div>\n\t\t\t\t\t<\/div>\n\t\t<\/div>\n\t\t\t\t\t<\/div>\n\t\t<\/section>\n\t\t\t\t<section class=\"elementor-section elementor-top-section elementor-element elementor-element-a3be7fb elementor-section-boxed elementor-section-height-default elementor-section-height-default\" data-id=\"a3be7fb\" data-element_type=\"section\" data-e-type=\"section\">\n\t\t\t\t\t\t<div class=\"elementor-container elementor-column-gap-default\">\n\t\t\t\t\t<div class=\"elementor-column elementor-col-100 elementor-top-column elementor-element elementor-element-98b90be\" data-id=\"98b90be\" data-element_type=\"column\" data-e-type=\"column\">\n\t\t\t<div class=\"elementor-widget-wrap elementor-element-populated\">\n\t\t\t\t\t\t<div class=\"elementor-element elementor-element-c356d52 elementor-align-center elementor-widget elementor-widget-elementskit-button\" data-id=\"c356d52\" data-element_type=\"widget\" data-e-type=\"widget\" data-widget_type=\"elementskit-button.default\">\n\t\t\t\t<div class=\"elementor-widget-container\">\n\t\t\t\t\t<div class=\"ekit-wid-con\" >\t\t<div class=\"ekit-btn-wraper\">\n\t\t\t\t\t\t\t<a href=\"https:\/\/smart-academy.fr\/wp-content\/uploads\/2024\/11\/REGLEMENT-INTERIEUR.jpg\" target=\"_blank\" class=\"elementskit-btn  whitespace--normal\" id=\"\">\n\t\t\t\t\tT\u00e9l\u00e9charger le PDF\t\t\t\t<\/a>\n\t\t\t\t\t<\/div>\n        <\/div>\t\t\t\t<\/div>\n\t\t\t\t<\/div>\n\t\t\t\t\t<\/div>\n\t\t<\/div>\n\t\t\t\t\t<\/div>\n\t\t<\/section>\n\t\t\t\t<\/div>","protected":false},"excerpt":{"rendered":"<p>R\u00e8glement int\u00e9rieur Le pr\u00e9sent r\u00e8glement s\u2019applique \u00e0 toutes les personnes participantes \u00e0 une action de formation organis\u00e9e par Smart Academy. Un exemplaire est remis \u00e0 chaque stagiaire. Il d\u00e9finit les r\u00e8gles d\u2019hygi\u00e8ne et de s\u00e9curit\u00e9, les r\u00e8gles g\u00e9n\u00e9rales et permanentes relatives \u00e0 la discipline ainsi que la nature et l\u2019\u00e9chelle des sanctions pouvant \u00eatre prises [&hellip;]<\/p>","protected":false},"author":1,"featured_media":0,"parent":0,"menu_order":0,"comment_status":"closed","ping_status":"closed","template":"elementor_header_footer","meta":{"footnotes":""},"class_list":["post-44482","page","type-page","status-publish","hentry"],"yoast_head":"<!-- This site is optimized with the Yoast SEO plugin v26.9 - https:\/\/yoast.com\/product\/yoast-seo-wordpress\/ -->\n<title>r\u00e8glement interieur - Smart Academy<\/title>\n<meta name=\"robots\" content=\"index, follow, max-snippet:-1, max-image-preview:large, max-video-preview:-1\" \/>\n<link rel=\"canonical\" href=\"https:\/\/smart-academy.fr\/ar\/reglement-interieur\/\" \/>\n<meta property=\"og:locale\" content=\"ar_AR\" \/>\n<meta property=\"og:type\" content=\"article\" \/>\n<meta property=\"og:title\" content=\"r\u00e8glement interieur - Smart Academy\" \/>\n<meta property=\"og:description\" content=\"R\u00e8glement int\u00e9rieur Le pr\u00e9sent r\u00e8glement s\u2019applique \u00e0 toutes les personnes participantes \u00e0 une action de formation organis\u00e9e par Smart Academy. Un exemplaire est remis \u00e0 chaque stagiaire. Il d\u00e9finit les r\u00e8gles d\u2019hygi\u00e8ne et de s\u00e9curit\u00e9, les r\u00e8gles g\u00e9n\u00e9rales et permanentes relatives \u00e0 la discipline ainsi que la nature et l\u2019\u00e9chelle des sanctions pouvant \u00eatre prises [&hellip;]\" \/>\n<meta property=\"og:url\" content=\"https:\/\/smart-academy.fr\/ar\/reglement-interieur\/\" \/>\n<meta property=\"og:site_name\" content=\"Smart Academy\" \/>\n<meta property=\"article:modified_time\" content=\"2025-03-27T18:31:47+00:00\" \/>\n<meta name=\"twitter:card\" content=\"summary_large_image\" \/>\n<meta name=\"twitter:label1\" content=\"Est. reading time\" \/>\n\t<meta name=\"twitter:data1\" content=\"4 minutes\" \/>\n<script type=\"application\/ld+json\" class=\"yoast-schema-graph\">{\"@context\":\"https:\/\/schema.org\",\"@graph\":[{\"@type\":\"WebPage\",\"@id\":\"https:\/\/smart-academy.fr\/reglement-interieur\/\",\"url\":\"https:\/\/smart-academy.fr\/reglement-interieur\/\",\"name\":\"r\u00e8glement interieur - Smart Academy\",\"isPartOf\":{\"@id\":\"https:\/\/smart-academy.fr\/#website\"},\"datePublished\":\"2024-11-19T13:22:41+00:00\",\"dateModified\":\"2025-03-27T18:31:47+00:00\",\"breadcrumb\":{\"@id\":\"https:\/\/smart-academy.fr\/reglement-interieur\/#breadcrumb\"},\"inLanguage\":\"ary\",\"potentialAction\":[{\"@type\":\"ReadAction\",\"target\":[\"https:\/\/smart-academy.fr\/reglement-interieur\/\"]}]},{\"@type\":\"BreadcrumbList\",\"@id\":\"https:\/\/smart-academy.fr\/reglement-interieur\/#breadcrumb\",\"itemListElement\":[{\"@type\":\"ListItem\",\"position\":1,\"name\":\"Accueil\",\"item\":\"https:\/\/smart-academy.fr\/\"},{\"@type\":\"ListItem\",\"position\":2,\"name\":\"r\u00e8glement interieur\"}]},{\"@type\":\"WebSite\",\"@id\":\"https:\/\/smart-academy.fr\/#website\",\"url\":\"https:\/\/smart-academy.fr\/\",\"name\":\"Smart Academy\",\"description\":\"Formation Business\",\"potentialAction\":[{\"@type\":\"SearchAction\",\"target\":{\"@type\":\"EntryPoint\",\"urlTemplate\":\"https:\/\/smart-academy.fr\/?s={search_term_string}\"},\"query-input\":{\"@type\":\"PropertyValueSpecification\",\"valueRequired\":true,\"valueName\":\"search_term_string\"}}],\"inLanguage\":\"ary\"}]}<\/script>\n<!-- \/ Yoast SEO plugin. -->","yoast_head_json":{"title":"r\u00e8glement interieur - Smart Academy","robots":{"index":"index","follow":"follow","max-snippet":"max-snippet:-1","max-image-preview":"max-image-preview:large","max-video-preview":"max-video-preview:-1"},"canonical":"https:\/\/smart-academy.fr\/ar\/reglement-interieur\/","og_locale":"ar_AR","og_type":"article","og_title":"r\u00e8glement interieur - Smart Academy","og_description":"R\u00e8glement int\u00e9rieur Le pr\u00e9sent r\u00e8glement s\u2019applique \u00e0 toutes les personnes participantes \u00e0 une action de formation organis\u00e9e par Smart Academy. Un exemplaire est remis \u00e0 chaque stagiaire. Il d\u00e9finit les r\u00e8gles d\u2019hygi\u00e8ne et de s\u00e9curit\u00e9, les r\u00e8gles g\u00e9n\u00e9rales et permanentes relatives \u00e0 la discipline ainsi que la nature et l\u2019\u00e9chelle des sanctions pouvant \u00eatre prises [&hellip;]","og_url":"https:\/\/smart-academy.fr\/ar\/reglement-interieur\/","og_site_name":"Smart Academy","article_modified_time":"2025-03-27T18:31:47+00:00","twitter_card":"summary_large_image","twitter_misc":{"Est. reading time":"4 minutes"},"schema":{"@context":"https:\/\/schema.org","@graph":[{"@type":"WebPage","@id":"https:\/\/smart-academy.fr\/reglement-interieur\/","url":"https:\/\/smart-academy.fr\/reglement-interieur\/","name":"r\u00e8glement interieur - Smart Academy","isPartOf":{"@id":"https:\/\/smart-academy.fr\/#website"},"datePublished":"2024-11-19T13:22:41+00:00","dateModified":"2025-03-27T18:31:47+00:00","breadcrumb":{"@id":"https:\/\/smart-academy.fr\/reglement-interieur\/#breadcrumb"},"inLanguage":"ary","potentialAction":[{"@type":"ReadAction","target":["https:\/\/smart-academy.fr\/reglement-interieur\/"]}]},{"@type":"BreadcrumbList","@id":"https:\/\/smart-academy.fr\/reglement-interieur\/#breadcrumb","itemListElement":[{"@type":"ListItem","position":1,"name":"Accueil","item":"https:\/\/smart-academy.fr\/"},{"@type":"ListItem","position":2,"name":"r\u00e8glement interieur"}]},{"@type":"WebSite","@id":"https:\/\/smart-academy.fr\/#website","url":"https:\/\/smart-academy.fr\/","name":"Smart Academy","description":"Formation Business","potentialAction":[{"@type":"SearchAction","target":{"@type":"EntryPoint","urlTemplate":"https:\/\/smart-academy.fr\/?s={search_term_string}"},"query-input":{"@type":"PropertyValueSpecification","valueRequired":true,"valueName":"search_term_string"}}],"inLanguage":"ary"}]}},"_links":{"self":[{"href":"https:\/\/smart-academy.fr\/ar\/wp-json\/wp\/v2\/pages\/44482","targetHints":{"allow":["GET"]}}],"collection":[{"href":"https:\/\/smart-academy.fr\/ar\/wp-json\/wp\/v2\/pages"}],"about":[{"href":"https:\/\/smart-academy.fr\/ar\/wp-json\/wp\/v2\/types\/page"}],"author":[{"embeddable":true,"href":"https:\/\/smart-academy.fr\/ar\/wp-json\/wp\/v2\/users\/1"}],"replies":[{"embeddable":true,"href":"https:\/\/smart-academy.fr\/ar\/wp-json\/wp\/v2\/comments?post=44482"}],"version-history":[{"count":14,"href":"https:\/\/smart-academy.fr\/ar\/wp-json\/wp\/v2\/pages\/44482\/revisions"}],"predecessor-version":[{"id":44501,"href":"https:\/\/smart-academy.fr\/ar\/wp-json\/wp\/v2\/pages\/44482\/revisions\/44501"}],"wp:attachment":[{"href":"https:\/\/smart-academy.fr\/ar\/wp-json\/wp\/v2\/media?parent=44482"}],"curies":[{"name":"wp","href":"https:\/\/api.w.org\/{rel}","templated":true}]}}